{"id":225,"date":"2020-06-08T21:22:37","date_gmt":"2020-06-08T21:22:37","guid":{"rendered":"https:\/\/shop.vater-herz.org\/?post_type=product&#038;p=225"},"modified":"2020-11-27T22:10:22","modified_gmt":"2020-11-27T22:10:22","slug":"der-ruf","status":"publish","type":"product","link":"https:\/\/shop.vater-herz.org\/?product=der-ruf","title":{"rendered":"Der Ruf"},"content":{"rendered":"<table class=\"woocommerce-product-attributes shop_attributes\" style=\"height: 223px;\" width=\"1228\">\n<tbody>\n<tr class=\"woocommerce-product-attributes-item woocommerce-product-attributes-item--attribute_material\">\n<th class=\"woocommerce-product-attributes-item__label\">Material<\/th>\n<td class=\"woocommerce-product-attributes-item__value\">W\u00e4hlen Sie auf welchem Material Sie das Bild ausgedruckt wollen.<\/td>\n<\/tr>\n<tr class=\"woocommerce-product-attributes-item woocommerce-product-attributes-item--attribute_gr%c3%b6sse\">\n<th class=\"woocommerce-product-attributes-item__label\">Gr\u00f6sse<\/th>\n<td class=\"woocommerce-product-attributes-item__value\">W\u00e4hlen Sie die Gr\u00f6sse des gew\u00fcnschten Bildes.<\/td>\n<\/tr>\n<tr class=\"woocommerce-product-attributes-item woocommerce-product-attributes-item--attribute_verarbeitung\">\n<th class=\"woocommerce-product-attributes-item__label\">Verarbeitung<\/th>\n<td class=\"woocommerce-product-attributes-item__value\">Bilder auf Fineart mattem B\u00fcttenpapier oder auf Fotopapier k\u00f6nnen zugeschnitten oder angeschnitten (mit weissem Rand) bestellt werden.<\/td>\n<\/tr>\n<tr class=\"woocommerce-product-attributes-item woocommerce-product-attributes-item--attribute_aufzieservice\">\n<th class=\"woocommerce-product-attributes-item__label\">Aufzieservice<\/th>\n<td class=\"woocommerce-product-attributes-item__value\">Nur Bilder auf FineArt Papier und Fotopapier k\u00f6nnen aufgezogen werden.<\/td>\n<\/tr>\n<tr class=\"woocommerce-product-attributes-item woocommerce-product-attributes-item--attribute_aufzieservice\">\n<th class=\"woocommerce-product-attributes-item__label\">Leinenbilder<\/th>\n<td class=\"woocommerce-product-attributes-item__value\">Leinenbilder werden auf einen 2cm dicken Holzkeilrahmen gespannt.<\/td>\n<\/tr>\n<\/tbody>\n<\/table>\n","protected":false},"excerpt":{"rendered":"<p>zzgl. Verpackung und Versandkosten<\/p>\n","protected":false},"featured_media":542,"template":"","meta":[],"_links":{"self":[{"href":"https:\/\/shop.vater-herz.org\/index.php?rest_route=\/wp\/v2\/product\/225"}],"collection":[{"href":"https:\/\/shop.vater-herz.org\/index.php?rest_route=\/wp\/v2\/product"}],"about":[{"href":"https:\/\/shop.vater-herz.org\/index.php?rest_route=\/wp\/v2\/types\/product"}],"wp:featuredmedia":[{"embeddable":true,"href":"https:\/\/shop.vater-herz.org\/index.php?rest_route=\/wp\/v2\/media\/542"}],"wp:attachment":[{"href":"https:\/\/shop.vater-herz.org\/index.php?rest_route=%2Fwp%2Fv2%2Fmedia&parent=225"}],"curies":[{"name":"wp","href":"https:\/\/api.w.org\/{rel}","templated":true}]}}