{"id":286,"date":"2020-06-01T16:59:25","date_gmt":"2020-06-01T16:59:25","guid":{"rendered":"https:\/\/shop.vater-herz.org\/?post_type=product&#038;p=286"},"modified":"2020-11-30T16:23:02","modified_gmt":"2020-11-30T16:23:02","slug":"dein-persoenliches-bild","status":"publish","type":"product","link":"https:\/\/shop.vater-herz.org\/?product=dein-persoenliches-bild","title":{"rendered":"Dein pers\u00f6nliches Bild"},"content":{"rendered":"<p>Lass Dir dein pers\u00f6nliches Bild von <span class=\"TextRun SCXO126633062 BCX4\" lang=\"DE-DE\" xml:lang=\"DE-DE\" data-contrast=\"auto\"><strong>Marietta Haitzinger <\/strong>malen.\u00a0<\/span><\/p>\n<p>Sobald du die Bestellung abgeschlossen hast und die Zahlung get\u00e4tigt wurde, setzt sich Marietta mit dir in Verbindung. In einem pers\u00f6nlichen Gespr\u00e4ch lernt sie dich ein wenig kennen. Ihr entscheidet gemeinsam mit dem Heiliges Geist, was sie f\u00fcr dich malen soll.<\/p>\n<p>Sie wird dich auf dem Laufenden halten und meldet sich f\u00fcr allf\u00e4llige Fragen direkt bei dir.<\/p>\n<p>&nbsp;<\/p>\n","protected":false},"excerpt":{"rendered":"<p>Dieses Bild wird direkt von Marietta zu dir nach Hause geschickt.<\/p>\n","protected":false},"featured_media":390,"template":"","meta":[],"_links":{"self":[{"href":"https:\/\/shop.vater-herz.org\/index.php?rest_route=\/wp\/v2\/product\/286"}],"collection":[{"href":"https:\/\/shop.vater-herz.org\/index.php?rest_route=\/wp\/v2\/product"}],"about":[{"href":"https:\/\/shop.vater-herz.org\/index.php?rest_route=\/wp\/v2\/types\/product"}],"wp:featuredmedia":[{"embeddable":true,"href":"https:\/\/shop.vater-herz.org\/index.php?rest_route=\/wp\/v2\/media\/390"}],"wp:attachment":[{"href":"https:\/\/shop.vater-herz.org\/index.php?rest_route=%2Fwp%2Fv2%2Fmedia&parent=286"}],"curies":[{"name":"wp","href":"https:\/\/api.w.org\/{rel}","templated":true}]}}